{"id":11,"date":"2024-11-19T14:10:40","date_gmt":"2024-11-19T14:10:40","guid":{"rendered":"http:\/\/ob.naturcampingbuchholz.de\/?page_id=11"},"modified":"2025-05-14T15:12:44","modified_gmt":"2025-05-14T15:12:44","slug":"buchung","status":"publish","type":"page","link":"https:\/\/naturcampingbuchholz.de\/booking\/buchung\/","title":{"rendered":"Deine Buchung"},"content":{"rendered":"\r\n        <div class=\"tf_row\">\r\n            <div class=\"tf_spinner\">\r\n                    <div><\/div>\r\n            <\/div>\r\n            <div class=\"tf_col\" id=\"tf_response\">\r\n                <p>Deine Buchungsanfrage wurde erfolgreich versendet.<\/p><p>In K\u00fcrze erh\u00e4ltst du eine Best\u00e4tigung deiner Buchungsanfrage und Zahlung per Mail. Bitte \u00fcberpr\u00fcfe auch die Mails in deinem Spam-Ordner.<\/p> \r\n            <\/div>\r\n        <\/div>\r\n        <div id=\"tf-modal-1\" class=\"tf-modal\">\r\n                <div class=\"tf-modal-container\">\r\n                    <div class=\"tf-modal-inner\">\r\n                        <h1 class=\"tf-modal-title\"><\/h1>\r\n                        <p class=\"tf-modal-text\"><\/p>\r\n                        <button class=\"tf-modal-close submit\" type=\"button\">\r\n                            Schlie\u00dfen\r\n                        <\/button>\r\n                    <\/div>\r\n                <\/div>\r\n        <\/div>\n","protected":false},"excerpt":{"rendered":"","protected":false},"author":1,"featured_media":0,"parent":0,"menu_order":0,"comment_status":"closed","ping_status":"closed","template":"","meta":{"footnotes":""},"class_list":["post-11","page","type-page","status-publish"],"_links":{"self":[{"href":"https:\/\/naturcampingbuchholz.de\/booking\/wp-json\/wp\/v2\/pages\/11","targetHints":{"allow":["GET"]}}],"collection":[{"href":"https:\/\/naturcampingbuchholz.de\/booking\/wp-json\/wp\/v2\/pages"}],"about":[{"href":"https:\/\/naturcampingbuchholz.de\/booking\/wp-json\/wp\/v2\/types\/page"}],"author":[{"embeddable":true,"href":"https:\/\/naturcampingbuchholz.de\/booking\/wp-json\/wp\/v2\/users\/1"}],"replies":[{"embeddable":true,"href":"https:\/\/naturcampingbuchholz.de\/booking\/wp-json\/wp\/v2\/comments?post=11"}],"version-history":[{"count":1,"href":"https:\/\/naturcampingbuchholz.de\/booking\/wp-json\/wp\/v2\/pages\/11\/revisions"}],"predecessor-version":[{"id":12,"href":"https:\/\/naturcampingbuchholz.de\/booking\/wp-json\/wp\/v2\/pages\/11\/revisions\/12"}],"wp:attachment":[{"href":"https:\/\/naturcampingbuchholz.de\/booking\/wp-json\/wp\/v2\/media?parent=11"}],"curies":[{"name":"wp","href":"https:\/\/api.w.org\/{rel}","templated":true}]}}